{"id":29,"date":"2019-11-07T16:16:06","date_gmt":"2019-11-07T15:16:06","guid":{"rendered":"http:\/\/nechtan.fr\/?page_id=29"},"modified":"2024-03-26T17:28:41","modified_gmt":"2024-03-26T16:28:41","slug":"qui","status":"publish","type":"page","link":"https:\/\/nechtan.fr\/index.php\/qui\/","title":{"rendered":"Qui ?"},"content":{"rendered":"<p>[vc_row full_width=\u00a0\u00bbstretch_row_content_no_spaces\u00a0\u00bb css=\u00a0\u00bb.vc_custom_1573217697799{margin-top: -5% !important;background-image: url(http:\/\/nechtan.fr\/wp-content\/uploads\/2019\/11\/photo-accueil-qui.jpg?id=56) !important;background-position: center !important;background-repeat: no-repeat !important;background-size: cover !important;}\u00a0\u00bb][vc_column width=\u00a0\u00bb1\/4&Prime; css=\u00a0\u00bb.vc_custom_1573217753761{margin-left: 10% !important;background-color: #ffffff !important;}\u00a0\u00bb][vc_column_text css_animation=\u00a0\u00bbfadeInLeft\u00a0\u00bb css=\u00a0\u00bb.vc_custom_1575542315259{margin-left: 10% !important;}\u00a0\u00bb el_id=\u00a0\u00bbh1-jaune\u00a0\u00bb]<\/p>\n<h1>Qui sommes nous ?<\/h1>\n<p>[\/vc_column_text][vc_column_text css=\u00a0\u00bb.vc_custom_1582289736544{margin-right: 10% !important;margin-left: 10% !important;background-color: #ffffff !important;}\u00a0\u00bb el_id=\u00a0\u00bbjustify\u00a0\u00bb]<\/p>\n<p class=\"p1\"><span class=\"s1\"><b>Qui sommes nous\u00a0?<\/b><\/span><\/p>\n<p class=\"p3\"><span class=\"s1\">Des architectes DPLG associ\u00e9s en agence lib\u00e9rale, install\u00e9s sur la m\u00e9tropole bordelaise.<\/span><\/p>\n<p class=\"p3\"><span class=\"s1\">Des architectes qualifi\u00e9s en urbanisme (OPQU)<\/span><\/p>\n<p class=\"p3\"><span class=\"s1\">30 ans d\u2019exercice -d\u00e9j\u00e0- dans les domaines de l\u2019architecture, de la programmation, de l\u2019urbanisme.<\/span><\/p>\n<p class=\"p3\"><span class=\"s1\">Un engagement et une m\u00e9thode de travail rigoureuse, acquise au fil des projets.<\/span><\/p>\n<p>[\/vc_column_text][\/vc_column][vc_column width=\u00a0\u00bb3\/4&Prime;][vc_icon type=\u00a0\u00bbopeniconic\u00a0\u00bb icon_openiconic=\u00a0\u00bbvc-oi vc-oi-down\u00a0\u00bb color=\u00a0\u00bbwhite\u00a0\u00bb size=\u00a0\u00bbxl\u00a0\u00bb align=\u00a0\u00bbright\u00a0\u00bb css_animation=\u00a0\u00bbfadeInRight\u00a0\u00bb css=\u00a0\u00bb.vc_custom_1581952445069{margin-top: 40% !important;margin-right: 5% !important;}\u00a0\u00bb link=\u00a0\u00bburl:%23section-scroll|||\u00a0\u00bb][\/vc_column][\/vc_row][vc_row full_width=\u00a0\u00bbstretch_row_content_no_spaces\u00a0\u00bb el_id=\u00a0\u00bbsection-scroll\u00a0\u00bb][vc_column][vc_column_text css_animation=\u00a0\u00bbfadeInLeft\u00a0\u00bb css=\u00a0\u00bb.vc_custom_1575991385071{margin-top: 5% !important;margin-bottom: 5% !important;margin-left: 5% !important;}\u00a0\u00bb el_id=\u00a0\u00bbh1-jaune\u00a0\u00bb]<\/p>\n<h1>Notre \u00e9quipe :<\/h1>\n<p>[\/vc_column_text][\/vc_column][\/vc_row][vc_row full_width=\u00a0\u00bbstretch_row_content_no_spaces\u00a0\u00bb el_id=\u00a0\u00bbjustify\u00a0\u00bb][vc_column width=\u00a0\u00bb1\/3&Prime;][vc_column_text css_animation=\u00a0\u00bbfadeInUp\u00a0\u00bb]<\/p>\n<h2 style=\"text-align: center;\"><strong>Christophe LIBAULT<\/strong><\/h2>\n<p>[\/vc_column_text][vc_single_image image=\u00a0\u00bb545&Prime; img_size=\u00a0\u00bblarge\u00a0\u00bb alignment=\u00a0\u00bbcenter\u00a0\u00bb style=\u00a0\u00bbvc_box_rounded\u00a0\u00bb css_animation=\u00a0\u00bbfadeInLeft\u00a0\u00bb el_id=\u00a0\u00bbphoto-team\u00a0\u00bb css=\u00a0\u00bb.vc_custom_1580133450750{margin-right: 10% !important;margin-left: 10% !important;}\u00a0\u00bb][vc_column_text css_animation=\u00a0\u00bbfadeIn\u00a0\u00bb]<\/p>\n<p class=\"p1\" style=\"text-align: center;\">N\u00e9 le 10 Novembre 1962, \u00e0 Dijon (21).<\/p>\n<p class=\"p1\" style=\"text-align: center;\">Architecte DPLG, urbaniste, exercice lib\u00e9ral.<\/p>\n<p class=\"p1\" style=\"text-align: center;\">\n<h3 class=\"p1\" style=\"text-align: center;\"><\/h3>\n<p>[\/vc_column_text][\/vc_column][vc_column width=\u00a0\u00bb1\/3&Prime;][vc_column_text css_animation=\u00a0\u00bbfadeInUp\u00a0\u00bb]<\/p>\n<h3 class=\"p1\" style=\"text-align: center;\"><strong>Parcours scolaire et universitaire et formation continue<\/strong><\/h3>\n<p>[\/vc_column_text][vc_column_text css_animation=\u00a0\u00bbfadeIn\u00a0\u00bb css=\u00a0\u00bb.vc_custom_1575464148499{margin-left: 10% !important;}\u00a0\u00bb]<\/p>\n<p class=\"p1\">Baccalaur\u00e9at C Mention Bien, en 1978.<\/p>\n<p class=\"p1\">Etudes \u00e0 l\u2019\u00e9cole d\u2019architecture de Bordeaux (1978\/1985).<\/p>\n<p class=\"p1\">Dipl\u00f4m\u00e9 en Octobre 1985 TPFE \u00ab la maison en kit \u00bb.<\/p>\n<p class=\"p1\">Formation coordonnateur S\u00e9curit\u00e9 Protection de la Sant\u00e9, en 1998.<\/p>\n<p class=\"p1\">Formation le moniteur \u00ab \u00e9coquartier\u00bb et \u00abZAC , les fondamentaux\u00bb en 2008.<\/p>\n<p class=\"p1\">Formation RT 2012, en 2013.<\/p>\n<p>[\/vc_column_text][vc_column_text css_animation=\u00a0\u00bbfadeInUp\u00a0\u00bb]<\/p>\n<h3 class=\"p1\" style=\"text-align: center;\"><strong>Parcours professionnel<\/strong><\/h3>\n<p>[\/vc_column_text][vc_column_text css_animation=\u00a0\u00bbfadeIn\u00a0\u00bb css=\u00a0\u00bb.vc_custom_1575464164122{margin-left: 10% !important;}\u00a0\u00bb]<\/p>\n<p class=\"p1\">Service militaire dans la cellule architecture du G\u00e9nie, \u00e0 Bordeaux (1986\/1987).<\/p>\n<p class=\"p1\">Stage \u00ab jeune architecte \u00bb du GEPA (1987\/1988).<\/p>\n<p class=\"p1\">Formation \u00e0 Paris et dans l\u2019agence de Pierre Lajus, \u00e0 Bordeaux.<\/p>\n<p class=\"p1\">Inscription \u00e0 l\u2019Ordre des Architectes, le 06 Mai 1987.<\/p>\n<p class=\"p1\">Exercice en lib\u00e9ral \u00e0 Bordeaux, de 1987 \u00e0 2000 : Soci\u00e9t\u00e9 Emergence (en<\/p>\n<p class=\"p1\">association avec P. Guillot, P. Castaings, P. Lamarque).<\/p>\n<p class=\"p1\">Cr\u00e9ation d\u2019une SARL d\u2019architecture Nechtan 33, \u00e0 Bordeaux, en 2003.<\/p>\n<p>[\/vc_column_text][\/vc_column][vc_column width=\u00a0\u00bb1\/3&Prime;][vc_column_text css_animation=\u00a0\u00bbfadeInUp\u00a0\u00bb css=\u00a0\u00bb.vc_custom_1583847556584{margin-right: 5% !important;}\u00a0\u00bb]<\/p>\n<h3 class=\"p1\" style=\"text-align: center;\"><strong>Orientations professionnelles<\/strong><\/h3>\n<p>[\/vc_column_text][vc_column_text css_animation=\u00a0\u00bbfadeIn\u00a0\u00bb css=\u00a0\u00bb.vc_custom_1583847542393{margin-left: 10% !important;}\u00a0\u00bb]<\/p>\n<p class=\"p1\">De 1987 \u00e0 1990 : concours d\u2019id\u00e9es sur le logement : EUROPAN, la maison du Japon \u00e0 Paris, b\u00e2timents publics en France (TGI \u00e0 Bordeaux).<\/p>\n<p class=\"p1\">De 1991 \u00e0 1997 : activit\u00e9 lib\u00e9rale d\u2019architecte : projets de b\u00e2timents publics, \u00e9tudes urbaines et paysag\u00e8res en association. Domaine d\u2019intervention : Aquitaine.<\/p>\n<p class=\"p1\">De 1998 \u00e0 2019 : activit\u00e9 lib\u00e9rale d\u2019architecte urbaniste : sp\u00e9cialisation en \u00e9tudes d\u2019urbanisme et ma\u00eetrise d\u2019oeuvre d\u2019espaces publics, ma\u00eetrise d\u2019oeuvre architecturale dans les domaines m\u00e9dico-social, culturel, scolaire et sportif.<\/p>\n<p>[\/vc_column_text][\/vc_column][\/vc_row][vc_row][vc_column][vc_separator border_width=\u00a0\u00bb2&Prime; css_animation=\u00a0\u00bbfadeInUp\u00a0\u00bb][\/vc_column][\/vc_row][vc_row full_width=\u00a0\u00bbstretch_row_content_no_spaces\u00a0\u00bb el_id=\u00a0\u00bbjustify\u00a0\u00bb][vc_column width=\u00a0\u00bb1\/3&Prime;][vc_column_text css_animation=\u00a0\u00bbfadeInUp\u00a0\u00bb]<\/p>\n<h2 style=\"text-align: center;\"><strong>Marie-Claire BOUVIER<\/strong><\/h2>\n<p>[\/vc_column_text][vc_single_image image=\u00a0\u00bb546&Prime; img_size=\u00a0\u00bblarge\u00a0\u00bb alignment=\u00a0\u00bbcenter\u00a0\u00bb style=\u00a0\u00bbvc_box_rounded\u00a0\u00bb css_animation=\u00a0\u00bbfadeInLeft\u00a0\u00bb css=\u00a0\u00bb.vc_custom_1580133902502{margin-right: 10% !important;margin-left: 10% !important;}\u00a0\u00bb][vc_column_text css_animation=\u00a0\u00bbfadeIn\u00a0\u00bb css=\u00a0\u00bb.vc_custom_1604417788658{margin-left: 10% !important;}\u00a0\u00bb]<\/p>\n<p class=\"p1\" style=\"text-align: center;\">N\u00e9e le 22 Juin 1963, \u00e0 Pontorson (50).<\/p>\n<p class=\"p1\" style=\"text-align: center;\">Architecte DPLG, exercice lib\u00e9ral.<\/p>\n<p>[\/vc_column_text][\/vc_column][vc_column width=\u00a0\u00bb1\/3&Prime;][vc_column_text css_animation=\u00a0\u00bbfadeInUp\u00a0\u00bb]<\/p>\n<h3 class=\"p1\" style=\"text-align: center;\"><strong>Parcours scolaire et universitaire et formation continue<\/strong><\/h3>\n<p>[\/vc_column_text][vc_column_text css_animation=\u00a0\u00bbfadeIn\u00a0\u00bb css=\u00a0\u00bb.vc_custom_1603115001743{margin-left: 10% !important;}\u00a0\u00bb]<\/p>\n<p class=\"p1\">Baccalaur\u00e9at D.<\/p>\n<p class=\"p1\">Etudes \u00e0 l\u2019\u00e9cole d\u2019architecture de Bordeaux (1981-1992).<\/p>\n<p class=\"p1\">Dipl\u00f4me en Juin 1992 TPFE \u00ab Prague : ville \u00e9crite, ville per\u00e7ue \u2013 un mus\u00e9e d\u2019art contemporain \u00bb.<\/p>\n<p class=\"p1\">1993-1994 Stage \u00ab L\u2019architecte et les paysages \u00bb en alternance au Conservatoire du littoral de Rochefort et l\u2019\u00e9cole d\u2019architecture de Versailles.<\/p>\n<p>&nbsp;<\/p>\n<p class=\"p1\">1995 Formation \u00ab Patrimoine architectural \u00bb.<\/p>\n<p class=\"p1\">1997 Formation \u00ab Coordonnateur SPS \u00bb.<\/p>\n<p class=\"p1\">2005-2006 Formation \u00ab Programmation Architecturale \u00bb.<\/p>\n<p class=\"p1\">2006 Formation \u00ab Qualit\u00e9 Environnementale et D\u00e9veloppement Durable\u00bb.<\/p>\n<p class=\"p1\">2008 Formation \u00ab Accessibilit\u00e9 \u2013 Handicap\u00e9s \u00bb.<\/p>\n<p class=\"p1\">2009 Formation \u00ab March\u00e9s publics\u00bb.<\/p>\n<p class=\"p1\">2010 Formation \u00ab BBC &#8211; Effinergie \u00bb.<\/p>\n<p class=\"p1\">2013 Formation RT 2012.<\/p>\n<p class=\"p1\">2014 Formation \u00ab Conduite de chantier\u00bb.<\/p>\n<p>[\/vc_column_text][\/vc_column][vc_column width=\u00a0\u00bb1\/3&Prime;][vc_column_text css_animation=\u00a0\u00bbfadeInUp\u00a0\u00bb]<\/p>\n<h3 class=\"p1\" style=\"text-align: center;\"><strong>Parcours professionnel de 1987 \u00e0 2019<\/strong><\/h3>\n<p>[\/vc_column_text][vc_column_text css_animation=\u00a0\u00bbfadeIn\u00a0\u00bb css=\u00a0\u00bb.vc_custom_1604417770192{margin-right: 5% !important;margin-left: 10% !important;}\u00a0\u00bb]<\/p>\n<p class=\"p1\">Agences d\u2019architectures :<\/p>\n<p class=\"p1\">1987 \u00e01989 \u2013 Agence P. Masseaux et D. De Marco.<\/p>\n<p class=\"p1\">1989\/1991 \u2013 Groupement d\u2019architectes ERSOL.<\/p>\n<p class=\"p1\">1994 \u2013 Agence d\u2019architecture F. FARNIER et C. BONDIL.<\/p>\n<p>Ma\u00eetrise d&rsquo;oeuvre architecturales : scolaires &#8211; logement &#8211; industriel.<\/p>\n<p>&nbsp;<\/p>\n<p class=\"p1\">Agences de paysages et d\u2019urbanisme :<\/p>\n<p class=\"p1\">1992\/1993 \u2013 Atelier de paysages Graziella BARSACQ.<\/p>\n<p class=\"p1\">1995 \u2013 Agence d\u2019urbanisme B. BOUZOU.<\/p>\n<p class=\"p1\">Etudes et Ma\u00eetrise d\u2019oeuvre urbaines : Am\u00e9nagement de parcs urbains, de places, de lotissements artisanaux \u2013 Requalification de friches industrielles.<\/p>\n<p>&nbsp;<\/p>\n<p class=\"p1\">1995 &#8211; Inscription \u00e0 l\u2019Ordre des architectes d\u2019Aquitaine.<\/p>\n<p class=\"p1\">1995 &#8211; 2003 &#8211; Activit\u00e9 lib\u00e9ral ind\u00e9pendante.<\/p>\n<p>Ma\u00eetrise d&rsquo;oeuvre architecturale dans les domaines scolaires, logements, commerciales aupr\u00e8s de collectivit\u00e9s locales, entreprises et particuliers.<\/p>\n<p>&nbsp;<\/p>\n<p class=\"p1\">2003-2020 &#8211; Activit\u00e9 lib\u00e9rale en association avec l\u2019agence <strong>nechtan<\/strong>.<\/p>\n<p class=\"p1\">Ma\u00eetrise d\u2019oeuvre architecturale dans les domaines m\u00e9dico-social, culturel, scolaire, sportif et maisons individuelles<\/p>\n<p>[\/vc_column_text][\/vc_column][\/vc_row][vc_row][vc_column][vc_separator border_width=\u00a0\u00bb2&Prime; css_animation=\u00a0\u00bbfadeInUp\u00a0\u00bb][\/vc_column][\/vc_row][vc_row full_width=\u00a0\u00bbstretch_row_content_no_spaces\u00a0\u00bb el_id=\u00a0\u00bbjustify\u00a0\u00bb][vc_column width=\u00a0\u00bb1\/3&Prime;][vc_column_text css_animation=\u00a0\u00bbfadeInUp\u00a0\u00bb]<\/p>\n<h2 style=\"text-align: center;\"><strong>Michel ULRICH<\/strong><\/h2>\n<p>[\/vc_column_text][vc_single_image image=\u00a0\u00bb547&Prime; img_size=\u00a0\u00bblarge\u00a0\u00bb alignment=\u00a0\u00bbcenter\u00a0\u00bb style=\u00a0\u00bbvc_box_rounded\u00a0\u00bb css_animation=\u00a0\u00bbfadeInLeft\u00a0\u00bb css=\u00a0\u00bb.vc_custom_1580134375481{margin-right: 10% !important;margin-left: 10% !important;}\u00a0\u00bb][vc_column_text css_animation=\u00a0\u00bbfadeIn\u00a0\u00bb]<\/p>\n<p class=\"p1\" style=\"text-align: center;\">N\u00e9 le 26 Novembre 1962, \u00e0 Bourges (18).<\/p>\n<p class=\"p1\" style=\"text-align: center;\">Architecte DPLG, salari\u00e9.<\/p>\n<p class=\"p1\" style=\"text-align: center;\">[\/vc_column_text][\/vc_column][vc_column width=\u00a0\u00bb1\/3&Prime;][vc_column_text css_animation=\u00a0\u00bbfadeInUp\u00a0\u00bb]<\/p>\n<h3 class=\"p1\" style=\"text-align: center;\"><strong>Parcours scolaire et universitaire<\/strong><\/h3>\n<p>[\/vc_column_text][vc_column_text css_animation=\u00a0\u00bbfadeIn\u00a0\u00bb css=\u00a0\u00bb.vc_custom_1575465779005{margin-left: 10% !important;}\u00a0\u00bb]<\/p>\n<p class=\"p1\">Baccalaur\u00e9at D.<\/p>\n<p class=\"p1\">Etudes \u00e0 l\u2019\u00e9cole d\u2019architecture de Bordeaux (1982\/1994).<\/p>\n<p class=\"p1\">Dipl\u00f4m\u00e9 en Mars 1994 TPFE \u00abProjet exp\u00e9rimental de pont urbain flottant et ouvrant \u00e0 Bordeaux, ouvrage d\u2019art contextuel.\u00bb<\/p>\n<p>[\/vc_column_text][vc_column_text css_animation=\u00a0\u00bbfadeInUp\u00a0\u00bb]<\/p>\n<h3 class=\"p1\" style=\"text-align: center;\"><strong>Formation initiale et continue<\/strong><\/h3>\n<p>[\/vc_column_text][vc_column_text css_animation=\u00a0\u00bbfadeIn\u00a0\u00bb css=\u00a0\u00bb.vc_custom_1575465874961{margin-left: 10% !important;}\u00a0\u00bb]<\/p>\n<p class=\"p1\">1994 Architecte DPLG.<\/p>\n<p class=\"p1\">Ecole d\u2019Architecture de Bordeaux.<\/p>\n<p class=\"p1\">Dipl\u00f4me : Projet exp\u00e9rimental de pont urbain flottant et ouvrant \u00e0 Bordeaux.<\/p>\n<p class=\"p1\">1998 \/ 1999 Management Urbain.<\/p>\n<p class=\"p1\">Stage long \u00e0 la Mairie de Bordeaux.<\/p>\n<p class=\"p1\">Direction du D\u00e9veloppement Urbain (D.D.U. \u2013 D.G.A.U.).<\/p>\n<p class=\"p1\">2003 Formation \u00ab outils urbains \u00bb sur les Zac et plans d\u2019am\u00e9nagement.<\/p>\n<p class=\"p1\">CFAA ( centre de formation des architectes d\u2019Aquitaine ).<\/p>\n<p class=\"p1\">2006 Formation \u00ab PLU\u00bb de la communaut\u00e9 urbaine de Bordeaux organis\u00e9e par l\u2019AURBA.<\/p>\n<p class=\"p1\">2008 Formation HQE (3 jours).<\/p>\n<p class=\"p1\">2009 Formation \u00abMarch\u00e9s Publics\u00bb (2 jours).<\/p>\n<p class=\"p1\">2013 Formation RT 2012.<\/p>\n<p>[\/vc_column_text][\/vc_column][vc_column width=\u00a0\u00bb1\/3&Prime;][vc_column_text css_animation=\u00a0\u00bbfadeInUp\u00a0\u00bb]<\/p>\n<h3 class=\"p1\" style=\"text-align: center;\"><strong>Comp\u00e9tences acquises et pratiqu\u00e9es<\/strong><\/h3>\n<p>[\/vc_column_text][vc_column_text css_animation=\u00a0\u00bbfadeIn\u00a0\u00bb css=\u00a0\u00bb.vc_custom_1575465952027{margin-left: 10% !important;}\u00a0\u00bb]<\/p>\n<p class=\"p1\">Etudes urbaines, PLU, suivi de mission d\u2019architecte en chef.<\/p>\n<p class=\"p1\">Elaboration de projets architecturaux, suivi de chantier.<\/p>\n<p class=\"p1\">Elaboration de programmations architecturales.<\/p>\n<p class=\"p1\">Expertise diagnostic et conseil architectural \/ jury de concours, PC\u2026<\/p>\n<p class=\"p1\">Etudes de faisabilit\u00e9s : contexte urbain\/ analyse du POS, implantation\u2026<\/p>\n<p class=\"p1\">Conception et suivi des projets: modalit\u00e9s de mise en oeuvre, planning\u2026<\/p>\n<p class=\"p1\">Cartographie et bases de donn\u00e9es sur SIG: \u00e9laboration de sch\u00e9mas d\u2019intentions urbaines.<\/p>\n<p class=\"p1\">Informatique : &#8211; CAO \/ DAO: Autocad, Powercad, Sketch up, Illustrator.<\/p>\n<p class=\"p1\">&#8211; SIG : G\u00e9oConcept &#8211; Mac Project.<\/p>\n<p>[\/vc_column_text][vc_column_text css_animation=\u00a0\u00bbfadeInUp\u00a0\u00bb]<\/p>\n<h3 class=\"p1\" style=\"text-align: center;\"><strong>Exp\u00e9rience professionnelle, de 1991 \u00e0 aujourd&rsquo;hui<\/strong><\/h3>\n<p>[\/vc_column_text][vc_column_text css_animation=\u00a0\u00bbfadeIn\u00a0\u00bb css=\u00a0\u00bb.vc_custom_1575466029685{margin-left: 10% !important;}\u00a0\u00bb]<\/p>\n<p class=\"p1\">1991 \/ 1997 Agence lib\u00e9rale d\u2019urbanisme<\/p>\n<p class=\"p1\">Ma\u00eetrise d\u2019oeuvre architecturale \u2013 Agence d\u2019urbanisme de B. BOUZOU<\/p>\n<p class=\"p1\">1998 \/ 2002 Mairie de Bordeaux<\/p>\n<p class=\"p1\">Ma\u00eetrise d\u2019ouvrage urbaine &#8211; Direction du D\u00e9veloppement Urbain.<\/p>\n<p class=\"p1\">2002 \/ 2003 Agence de Programmation architecturale.<\/p>\n<p class=\"p1\">Ma\u00eetrise d\u2019ouvrage architecturale \u2013 Agence de programmation Pierre GUILLOT.<\/p>\n<p class=\"p1\">2003 \/ 2019 Agence d\u2019architecture et d\u2019urbanisme.<\/p>\n<p class=\"p1\">Ma\u00eetrise d\u2019oeuvre architecturale et \u00e9tudes urbaines\u2013 Agence <strong>nechtan<\/strong>.<\/p>\n<p>[\/vc_column_text][\/vc_column][\/vc_row][vc_row][vc_column][vc_separator border_width=\u00a0\u00bb2&Prime; css_animation=\u00a0\u00bbfadeInUp\u00a0\u00bb][\/vc_column][\/vc_row][vc_row full_width=\u00a0\u00bbstretch_row_content_no_spaces\u00a0\u00bb el_id=\u00a0\u00bbjustify\u00a0\u00bb][vc_column width=\u00a0\u00bb1\/3&Prime;][vc_column_text css_animation=\u00a0\u00bbfadeInUp\u00a0\u00bb]<\/p>\n<h2 style=\"text-align: center;\"><strong>Virginie DUBOIS<\/strong><\/h2>\n<p>[\/vc_column_text][vc_single_image image=\u00a0\u00bb548&Prime; img_size=\u00a0\u00bblarge\u00a0\u00bb alignment=\u00a0\u00bbcenter\u00a0\u00bb style=\u00a0\u00bbvc_box_rounded\u00a0\u00bb css_animation=\u00a0\u00bbfadeInLeft\u00a0\u00bb css=\u00a0\u00bb.vc_custom_1580134688712{margin-right: 10% !important;margin-left: 10% !important;}\u00a0\u00bb][vc_column_text css_animation=\u00a0\u00bbfadeIn\u00a0\u00bb]<\/p>\n<p class=\"p1\" style=\"text-align: center;\">N\u00e9e le 20 Octobre 1975, \u00e0 Bordeaux (33).<\/p>\n<p class=\"p1\" style=\"text-align: center;\">Dessinatrice \/ Projeteuse.<\/p>\n<p>[\/vc_column_text][\/vc_column][vc_column width=\u00a0\u00bb1\/3&Prime;][vc_column_text css_animation=\u00a0\u00bbfadeInUp\u00a0\u00bb]<\/p>\n<h3 class=\"p1\" style=\"text-align: center;\"><strong>Parcours scolaire\u00a0<\/strong><\/h3>\n<p>[\/vc_column_text][vc_column_text css_animation=\u00a0\u00bbfadeIn\u00a0\u00bb css=\u00a0\u00bb.vc_custom_1575466388903{margin-right: 10% !important;margin-left: 10% !important;}\u00a0\u00bb]<\/p>\n<p class=\"p1\">BEP Construction et Topographie.<\/p>\n<p class=\"p1\">BAC PRO EOGT (Etude de prix, Organisation de chantier et Gestion des Travaux).<\/p>\n<p>[\/vc_column_text][vc_column_text css_animation=\u00a0\u00bbfadeInUp\u00a0\u00bb]<\/p>\n<h3 class=\"p1\" style=\"text-align: center;\"><strong>Formation initiale et continue<\/strong><\/h3>\n<p>[\/vc_column_text][vc_column_text css_animation=\u00a0\u00bbfadeIn\u00a0\u00bb css=\u00a0\u00bb.vc_custom_1575466507487{margin-right: 10% !important;margin-left: 10% !important;}\u00a0\u00bb]<\/p>\n<p class=\"p1\">1994 Contrat d\u2019apprentissage.<\/p>\n<p class=\"p1\">1996 Contrat de qualification en alternance.<\/p>\n<p class=\"p1\">2003 Formation \u00abphotoshop initiation\u00bb.<\/p>\n<p class=\"p1\">CFAA ( centre de formation des architectes d\u2019Aquitaine ).<\/p>\n<p class=\"p1\">2006 Formation Sketchup.<\/p>\n<p class=\"p1\">2009 Formation \u00abMarch\u00e9s Publics \u00bb (2 jours).<\/p>\n<p class=\"p1\">2013 Formation RT 2012.<\/p>\n<p>[\/vc_column_text][vc_column_text css_animation=\u00a0\u00bbfadeInUp\u00a0\u00bb]<\/p>\n<h3 class=\"p1\" style=\"text-align: center;\"><strong>Comp\u00e9tences acquises et pratiqu\u00e9es<\/strong><\/h3>\n<p>[\/vc_column_text][vc_column_text css_animation=\u00a0\u00bbfadeIn\u00a0\u00bb css=\u00a0\u00bb.vc_custom_1580134458459{margin-right: 10% !important;margin-left: 10% !important;}\u00a0\u00bb]<\/p>\n<p class=\"p1\">Dessins en architecture et infrastructure,<\/p>\n<p class=\"p1\">Suivi de chantier.<\/p>\n<p class=\"p1\">Elaboration de programmations urbaines et architecturales.<\/p>\n<p class=\"p1\">Etudes de faisabilit\u00e9s : contexte urbain\/ analyse du POS, implantation\u2026<\/p>\n<p class=\"p1\">Conception et suivi des projets: modalit\u00e9s de mise en oeuvre, planning\u2026<\/p>\n<p class=\"p1\">Informatique : &#8211; CAO \/ DAO : Powercadd, Sketch up, Photoshop, Indesign.<\/p>\n<p>[\/vc_column_text][\/vc_column][vc_column width=\u00a0\u00bb1\/3&Prime;][vc_column_text css_animation=\u00a0\u00bbfadeInUp\u00a0\u00bb]<\/p>\n<h3 class=\"p1\" style=\"text-align: center;\"><strong>Exp\u00e9rience professionnelle, de 1994 \u00e0 aujourd&rsquo;hui<\/strong><\/h3>\n<p>[\/vc_column_text][vc_column_text css_animation=\u00a0\u00bbfadeIn\u00a0\u00bb css=\u00a0\u00bb.vc_custom_1575466679134{margin-right: 10% !important;margin-left: 10% !important;}\u00a0\u00bb]<\/p>\n<p class=\"p1\">1994 \/ 2019 Agence d\u2019architecture et d\u2019urbanisme \u2013 Agence <strong>nechtan<\/strong>.<\/p>\n<p>[\/vc_column_text][\/vc_column][\/vc_row][vc_row][vc_column][vc_separator border_width=\u00a0\u00bb2&Prime; css_animation=\u00a0\u00bbfadeInUp\u00a0\u00bb][\/vc_column][\/vc_row][vc_row css=\u00a0\u00bb.vc_custom_1581952395650{margin-top: 10% !important;}\u00a0\u00bb][vc_column width=\u00a0\u00bb1\/2&Prime;][vc_column_text]<\/p>\n<h3 class=\"p3\"><b>Nous avons appr\u00e9ci\u00e9 partager nos \u00e9tudes avec les stagiaires et salari\u00e9s :<\/b><\/h3>\n<p class=\"p3\"><span class=\"s1\">Thibault Filloux, urbaniste<\/span><\/p>\n<p class=\"p3\"><span class=\"s1\">Thomas Olivain, architecte<\/span><\/p>\n<p class=\"p3\"><span class=\"s1\">Th\u00e9o Salesses, urbaniste<\/span><\/p>\n<p class=\"p3\"><span class=\"s1\">Audrey Bonnin, urbaniste<\/span><\/p>\n<p class=\"p3\"><span class=\"s1\">Fr\u00e9d\u00e9ric Defives, urbaniste<\/span><\/p>\n<p class=\"p3\"><span class=\"s1\">Chlo\u00e9 Demons, architecte<\/span><\/p>\n<p class=\"p3\"><span class=\"s1\">Tamara Rey-Martinez, architecte<\/span><\/p>\n<p class=\"p3\"><span class=\"s1\">Sonia Nunez Lopez, architecte<\/span><\/p>\n<p class=\"p3\"><span class=\"s1\">Estelle Jamoneau, urbaniste<\/span><\/p>\n<p>Julie Le Rouzic, urbaniste<\/p>\n<p>Aur\u00e9lie Fanzy, urbaniste[\/vc_column_text][\/vc_column][vc_column width=\u00a0\u00bb1\/2&Prime;][vc_column_text]<\/p>\n<h3 class=\"p3\"><span class=\"s1\"><b>Nous avons aim\u00e9 \u2013 et nous aimons toujours- collaborer avec\u00a0:<\/b><\/span><\/h3>\n<p class=\"p3\"><span class=\"s1\">Pierre Guillot, architecte programmiste<\/span><\/p>\n<p class=\"p3\"><span class=\"s1\">Paul Castaings, architecte DPLG<\/span><\/p>\n<p class=\"p3\"><span class=\"s1\">Philippe Lamarque, architecte DPLG \u00e0 Paris<\/span><\/p>\n<p class=\"p3\"><span class=\"s1\">Philippe Millasseau, architecte urbaniste \u00e0 Agen<\/span><\/p>\n<p class=\"p3\"><span class=\"s1\">Gaelle Consejo, assistante<\/span><\/p>\n<p class=\"p3\"><span class=\"s1\">Val\u00e9ry Brandela, paysagiste urbaniste<\/span><\/p>\n<p class=\"p3\"><span class=\"s1\">Emmanuelle Crouzet-Courrech, paysagiste \u00e0 Kaplan<\/span><\/p>\n<p class=\"p3\"><span class=\"s1\">Graziella Barsacq, paysagiste<\/span><\/p>\n<p class=\"p3\"><span class=\"s1\">David Aberadere et Xabi Arbelbide, paysagistes \u00e0 Biarritz<\/span><\/p>\n<p class=\"p3\">Olivier Chadoin, sociologue<\/p>\n<p class=\"p3\"><span class=\"s1\">Christian Sallenave, sociologue<\/span><\/p>\n<p class=\"p3\"><span class=\"s1\">Bertille Libault, sociologue<\/span><\/p>\n<p class=\"p3\"><span class=\"s1\">Benjamin Rossignol, urbaniste<\/span><\/p>\n<p class=\"p3\"><span class=\"s1\">Marion Roussel, animation et concertation en projets urbains \u00e0 Trait Clair<\/span><\/p>\n<p class=\"p3\"><span class=\"s1\">Camille Bonneau, directrice de Vision Project<\/span><\/p>\n<p class=\"p3\"><span class=\"s1\">Christophe Duprat, ing\u00e9nieur \u00e9lectricit\u00e9 et SSI<\/span><\/p>\n<p class=\"p3\"><span class=\"s1\">Jean Marie Cologni, ing\u00e9nieur thermique<\/span><\/p>\n<p class=\"p3\"><span class=\"s1\">Mariusz Stanik, ing\u00e9nieur structure \u00e0 CESMA<\/span><\/p>\n<p class=\"p3\"><span class=\"s1\">Pierrick Herv\u00e9, ing\u00e9nieur g\u00e9n\u00e9raliste \u00e0 CETAB<\/span><\/p>\n<p class=\"p3\"><span class=\"s1\">Carine Dunogier, ing\u00e9nieur \u00e0 Ingerop Bordeaux<\/span><\/p>\n<p class=\"p3\"><span class=\"s1\">Gabriel Nedelcu, ing\u00e9nieur \u00e0 Ingerop Biarritz<\/span><\/p>\n<p class=\"p3\"><span class=\"s1\">Elise Cadart, ing\u00e9nieur \u00e0 Odetec P\u00e9rigueux<\/span><\/p>\n<p class=\"p3\"><span class=\"s1\">Cl\u00e9ment Costa et Bruno Heurtin, OPC \u00e0 Gescor<\/span><\/p>\n<p>J\u00e9r\u00e9my Saubebere, de VIA infrastructure[\/vc_column_text][\/vc_column][\/vc_row]<\/p>\n","protected":false},"excerpt":{"rendered":"<p>[vc_row full_width=\u00a0\u00bbstretch_row_content_no_spaces\u00a0\u00bb css=\u00a0\u00bb.vc_custom_1573217697799{margin-top: -5% !important;background-image: url(http:\/\/nechtan.fr\/wp-content\/uploads\/2019\/11\/photo-accueil-qui.jpg?id=56) !important;background-position: center !important;background-repeat: no-repeat !important;background-size: cover !important;}\u00a0\u00bb][vc_column width=\u00a0\u00bb1\/4&Prime; css=\u00a0\u00bb.vc_custom_1573217753761{margin-left: 10% !important;background-color: #ffffff !important;}\u00a0\u00bb][vc_column_text css_animation=\u00a0\u00bbfadeInLeft\u00a0\u00bb css=\u00a0\u00bb.vc_custom_1575542315259{margin-left: 10% !important;}\u00a0\u00bb el_id=\u00a0\u00bbh1-jaune\u00a0\u00bb] Qui sommes<span class=\"excerpt-hellip\"> [\u2026]<\/span><\/p>\n","protected":false},"author":1,"featured_media":0,"parent":0,"menu_order":5,"comment_status":"closed","ping_status":"closed","template":"","meta":{"_monsterinsights_skip_tracking":false,"_monsterinsights_sitenote_active":false,"_monsterinsights_sitenote_note":"","_monsterinsights_sitenote_category":0,"footnotes":""},"_links":{"self":[{"href":"https:\/\/nechtan.fr\/index.php\/wp-json\/wp\/v2\/pages\/29"}],"collection":[{"href":"https:\/\/nechtan.fr\/index.php\/wp-json\/wp\/v2\/pages"}],"about":[{"href":"https:\/\/nechtan.fr\/index.php\/wp-json\/wp\/v2\/types\/page"}],"author":[{"embeddable":true,"href":"https:\/\/nechtan.fr\/index.php\/wp-json\/wp\/v2\/users\/1"}],"replies":[{"embeddable":true,"href":"https:\/\/nechtan.fr\/index.php\/wp-json\/wp\/v2\/comments?post=29"}],"version-history":[{"count":30,"href":"https:\/\/nechtan.fr\/index.php\/wp-json\/wp\/v2\/pages\/29\/revisions"}],"predecessor-version":[{"id":1355,"href":"https:\/\/nechtan.fr\/index.php\/wp-json\/wp\/v2\/pages\/29\/revisions\/1355"}],"wp:attachment":[{"href":"https:\/\/nechtan.fr\/index.php\/wp-json\/wp\/v2\/media?parent=29"}],"curies":[{"name":"wp","href":"https:\/\/api.w.org\/{rel}","templated":true}]}}