{"id":27,"date":"2019-11-07T16:15:17","date_gmt":"2019-11-07T15:15:17","guid":{"rendered":"http:\/\/nechtan.fr\/?page_id=27"},"modified":"2020-11-03T16:32:40","modified_gmt":"2020-11-03T15:32:40","slug":"des-outils-et-des-hommes","status":"publish","type":"page","link":"https:\/\/nechtan.fr\/index.php\/des-outils-et-des-hommes\/","title":{"rendered":"Des outils et des Hommes"},"content":{"rendered":"<p>[vc_row full_width=\u00a0\u00bbstretch_row_content_no_spaces\u00a0\u00bb css=\u00a0\u00bb.vc_custom_1580744959530{padding-top: 10% !important;padding-bottom: 10% !important;background-image: url(http:\/\/nechtan.fr\/wp-content\/uploads\/2020\/02\/photo-des-outils-et-des-hommes-1.jpg?id=685) !important;background-position: center !important;background-repeat: no-repeat !important;background-size: cover !important;}\u00a0\u00bb][vc_column][vc_column_text css_animation=\u00a0\u00bbfadeInLeft\u00a0\u00bb css=\u00a0\u00bb.vc_custom_1575990796168{margin-top: 5% !important;margin-left: 5% !important;}\u00a0\u00bb el_id=\u00a0\u00bbh1-orange\u00a0\u00bb]<\/p>\n<h1>Des outils et des hommes<\/h1>\n<p>[\/vc_column_text][vc_icon icon_fontawesome=\u00a0\u00bbfa fa-arrow-down\u00a0\u00bb color=\u00a0\u00bbwhite\u00a0\u00bb size=\u00a0\u00bbxl\u00a0\u00bb align=\u00a0\u00bbright\u00a0\u00bb css_animation=\u00a0\u00bbfadeInRight\u00a0\u00bb link=\u00a0\u00bburl:%23section-scroll|||\u00a0\u00bb css=\u00a0\u00bb.vc_custom_1575990856307{margin-top: 17% !important;margin-right: 5% !important;}\u00a0\u00bb][\/vc_column][\/vc_row][vc_row el_id=\u00a0\u00bbsection-scroll\u00a0\u00bb][vc_column][vc_column_text css_animation=\u00a0\u00bbfadeInLeft\u00a0\u00bb css=\u00a0\u00bb.vc_custom_1604417556736{margin-top: 5% !important;margin-bottom: 5% !important;}\u00a0\u00bb]<\/p>\n<h2><strong>Projets de concertation et sensibilisation :<\/strong><\/h2>\n<p>[\/vc_column_text][vc_masonry_grid post_type=\u00a0\u00bbpost\u00a0\u00bb max_items=\u00a0\u00bb3&Prime; item=\u00a0\u00bbbasicGrid_NoAnimation\u00a0\u00bb grid_id=\u00a0\u00bbvc_gid:1604417514257-0a43257bda11d5b725d11d95322a1e11-10&Prime; exclude=\u00a0\u00bb219, 188, 173, 156, 143, 132, 118, 97, 85, 64, 876, 1039, 1238&Prime;][vc_column_text]<\/p>\n<p style=\"text-align: center;\"><em>Des outils et des hommes : D&rsquo;autres projets \u00e0 venir&#8230;<\/em><\/p>\n<p>[\/vc_column_text][\/vc_column][\/vc_row][vc_row el_id=\u00a0\u00bbjustify\u00a0\u00bb][vc_column width=\u00a0\u00bb1\/2&Prime;][vc_column_text css_animation=\u00a0\u00bbfadeInUp\u00a0\u00bb]<\/p>\n<h2 class=\"p1\"><span class=\"s1\"><b>Des outils et des hommes\u2026<\/b><\/span><\/h2>\n<p class=\"p3\"><span class=\"s1\">Le travail de l\u2019architecture des volumes et des espaces habit\u00e9s ne se r\u00e9alise pas en laboratoire\u2026 <\/span><\/p>\n<p class=\"p3\"><span class=\"s1\">Il est le r\u00e9sultat d\u2019un dialogue avec le futur usager, avec l\u2019\u00e9lu, avec l\u2019histoire.<\/span><\/p>\n<p class=\"p3\"><span class=\"s1\">Il s\u2019\u00e9labore au fil d\u2019un ajustement permanent le souhait et le possible, le r\u00eave et la technique, le d\u00e9tail et la synth\u00e8se\u2026<\/span><\/p>\n<p class=\"p3\"><span class=\"s1\">Pour cela, nous disposons de pratiques anciennes\u00a0: le papier, le crayon, l\u2019encre, le discours, la maquette physique.<\/span><\/p>\n<p class=\"p3\"><span class=\"s1\">Nous utilisons aussi de nouveaux outils de communication et de co-\u00e9laboration\u00a0: l\u2019image informatique, la simulation 3D, la concertation\u2026<\/span><\/p>\n<p class=\"p3\"><span class=\"s1\">L\u2019agence nechtan propose aux maitres d\u2019ouvrage d\u2019organiser et animer des ateliers de concertation avec les habitants et usagers.<\/span><\/p>\n<p class=\"p3\"><span class=\"s1\">Quand la parole des habitants est exprim\u00e9e et entendue, quand les orientations partag\u00e9es et appropri\u00e9es, le projet atteint plus s\u00fbrement ses objectifs.<\/span><\/p>\n<p>[\/vc_column_text][\/vc_column][vc_column width=\u00a0\u00bb1\/2&Prime;][vc_column_text css_animation=\u00a0\u00bbfadeInUp\u00a0\u00bb css=\u00a0\u00bb.vc_custom_1581952873497{margin-left: 5% !important;}\u00a0\u00bb]<\/p>\n<p class=\"p1\"><span class=\"s1\">La co-\u00e9laboration du projet avec le client n\u00e9cessite l\u2019emploi d\u2019outils favorisant la compr\u00e9hension et les \u00e9changes. Le dessin prend d\u2019autres dimensions avec des logiciels de 3D.<span class=\"Apple-converted-space\">\u00a0 <\/span>Le client et l\u2019architecte avance ensemble.<\/span><\/p>\n<p class=\"p1\"><span class=\"s1\">Nous testons les solutions sans cesse \u00e0 toutes les \u00e9chelles, celle de la ville, de la rue, de la parcelle, de l\u2019espace habit\u00e9, du d\u00e9tail de construction\u2026<span class=\"Apple-converted-space\">\u00a0 <\/span>Nous v\u00e9rifions la pertinence et l\u2019exemplarit\u00e9 du projet dans le d\u00e9bat soci\u00e9tal, dans un environnement naturel et humain, dans sa durabilit\u00e9\u2026 <\/span><\/p>\n<p class=\"p1\"><span class=\"s1\"><i>Retrouvez nos projets d\u2019urbanisme ici\u00a0:<span class=\"Apple-converted-space\">\u00a0 <\/span><\/i><a href=\"http:\/\/nechtan.fr\/index.php\/urbanisme\/\"><span class=\"s2\"><i>http:\/\/nechtan.fr\/index.php\/urbanisme\/<\/i><\/span><\/a><\/span><\/p>\n<p><span class=\"s3\">Pour nos actualit\u00e9s, rendez vous sur<\/span> :\u00a0<a href=\"https:\/\/www.facebook.com\/Nechtan-architectes-100300161422453\/\">https:\/\/www.facebook.com\/Nechtan-architectes-100300161422453\/<\/a>[\/vc_column_text][\/vc_column][\/vc_row]<\/p>\n","protected":false},"excerpt":{"rendered":"<p>[vc_row full_width=\u00a0\u00bbstretch_row_content_no_spaces\u00a0\u00bb css=\u00a0\u00bb.vc_custom_1580744959530{padding-top: 10% !important;padding-bottom: 10% !important;background-image: url(http:\/\/nechtan.fr\/wp-content\/uploads\/2020\/02\/photo-des-outils-et-des-hommes-1.jpg?id=685) !important;background-position: center !important;background-repeat: no-repeat !important;background-size: cover !important;}\u00a0\u00bb][vc_column][vc_column_text css_animation=\u00a0\u00bbfadeInLeft\u00a0\u00bb css=\u00a0\u00bb.vc_custom_1575990796168{margin-top: 5% !important;margin-left: 5% !important;}\u00a0\u00bb el_id=\u00a0\u00bbh1-orange\u00a0\u00bb] Des outils et des<span class=\"excerpt-hellip\"> [\u2026]<\/span><\/p>\n","protected":false},"author":1,"featured_media":685,"parent":0,"menu_order":4,"comment_status":"closed","ping_status":"closed","template":"","meta":{"_monsterinsights_skip_tracking":false,"_monsterinsights_sitenote_active":false,"_monsterinsights_sitenote_note":"","_monsterinsights_sitenote_category":0,"footnotes":""},"_links":{"self":[{"href":"https:\/\/nechtan.fr\/index.php\/wp-json\/wp\/v2\/pages\/27"}],"collection":[{"href":"https:\/\/nechtan.fr\/index.php\/wp-json\/wp\/v2\/pages"}],"about":[{"href":"https:\/\/nechtan.fr\/index.php\/wp-json\/wp\/v2\/types\/page"}],"author":[{"embeddable":true,"href":"https:\/\/nechtan.fr\/index.php\/wp-json\/wp\/v2\/users\/1"}],"replies":[{"embeddable":true,"href":"https:\/\/nechtan.fr\/index.php\/wp-json\/wp\/v2\/comments?post=27"}],"version-history":[{"count":39,"href":"https:\/\/nechtan.fr\/index.php\/wp-json\/wp\/v2\/pages\/27\/revisions"}],"predecessor-version":[{"id":1264,"href":"https:\/\/nechtan.fr\/index.php\/wp-json\/wp\/v2\/pages\/27\/revisions\/1264"}],"wp:featuredmedia":[{"embeddable":true,"href":"https:\/\/nechtan.fr\/index.php\/wp-json\/wp\/v2\/media\/685"}],"wp:attachment":[{"href":"https:\/\/nechtan.fr\/index.php\/wp-json\/wp\/v2\/media?parent=27"}],"curies":[{"name":"wp","href":"https:\/\/api.w.org\/{rel}","templated":true}]}}