{"id":25,"date":"2019-11-07T16:12:38","date_gmt":"2019-11-07T15:12:38","guid":{"rendered":"http:\/\/nechtan.fr\/?page_id=25"},"modified":"2020-10-19T18:36:15","modified_gmt":"2020-10-19T16:36:15","slug":"urbanisme","status":"publish","type":"page","link":"https:\/\/nechtan.fr\/index.php\/urbanisme\/","title":{"rendered":"Urbanisme"},"content":{"rendered":"<p>[vc_row full_width=\u00a0\u00bbstretch_row_content_no_spaces\u00a0\u00bb css=\u00a0\u00bb.vc_custom_1581951933901{background-image: url(http:\/\/nechtan.fr\/wp-content\/uploads\/2020\/02\/Accueil-Urba-copie.jpg?id=887) !important;background-position: center !important;background-repeat: no-repeat !important;background-size: cover !important;}\u00a0\u00bb][vc_column][vc_column_text css_animation=\u00a0\u00bbfadeInLeft\u00a0\u00bb css=\u00a0\u00bb.vc_custom_1575990407099{margin-top: 5% !important;margin-left: 5% !important;}\u00a0\u00bb el_id=\u00a0\u00bbh1-urba\u00a0\u00bb]<\/p>\n<h1>Urbanisme<\/h1>\n<p>[\/vc_column_text][vc_icon type=\u00a0\u00bbopeniconic\u00a0\u00bb icon_openiconic=\u00a0\u00bbvc-oi vc-oi-down\u00a0\u00bb color=\u00a0\u00bbblack\u00a0\u00bb size=\u00a0\u00bbxl\u00a0\u00bb align=\u00a0\u00bbright\u00a0\u00bb css_animation=\u00a0\u00bbfadeInRight\u00a0\u00bb link=\u00a0\u00bburl:%23section-scroll|||\u00a0\u00bb css=\u00a0\u00bb.vc_custom_1581951948231{margin-top: 17% !important;margin-right: 5% !important;}\u00a0\u00bb][\/vc_column][\/vc_row][vc_row el_id=\u00a0\u00bbsection-scroll\u00a0\u00bb][vc_column][vc_column_text css_animation=\u00a0\u00bbfadeInLeft\u00a0\u00bb css=\u00a0\u00bb.vc_custom_1582024490892{margin-top: 5% !important;margin-bottom: 5% !important;}\u00a0\u00bb]<\/p>\n<h2><strong><b>\u00c9<\/b>tudes et projets d&rsquo;urbanisme :<\/strong><\/h2>\n<p>[\/vc_column_text][vc_masonry_grid post_type=\u00a0\u00bbpost\u00a0\u00bb max_items=\u00a0\u00bb7&Prime; item=\u00a0\u00bbbasicGrid_NoAnimation\u00a0\u00bb grid_id=\u00a0\u00bbvc_gid:1603125356544-b24327433a496fbf5950fb8e73188140-3&Prime; exclude=\u00a0\u00bb244, 231, 188, 97, 85, 64, 876, 1211, 1238&Prime;][vc_column_text css_animation=\u00a0\u00bbfadeIn\u00a0\u00bb]<\/p>\n<p style=\"text-align: center;\"><em>urbanisme : D&rsquo;autres projets \u00e0 venir&#8230;<\/em><\/p>\n<p>[\/vc_column_text][\/vc_column][\/vc_row][vc_row el_id=\u00a0\u00bbjustify\u00a0\u00bb][vc_column width=\u00a0\u00bb1\/2&Prime;][vc_column_text css_animation=\u00a0\u00bbfadeInUp\u00a0\u00bb]<\/p>\n<h2 class=\"p1\"><span class=\"s1\"><b>Etudes et maitrise d\u2019\u0153uvre urbaines \u2026<\/b><\/span><\/h2>\n<p class=\"p3\"><span class=\"s1\">Notre agence d\u2019architecture et d\u2019urbanisme a pour ambition d\u2019intervenir aux diff\u00e9rentes \u00e9tapes et \u00e9chelles du processus de fabrication de la ville.<\/span><\/p>\n<p class=\"p3\"><span class=\"s1\">Tous les territoires sont les supports potentiels d\u2019\u00e9tudes: les centralit\u00e9s, les marges p\u00e9riurbaines, les polarit\u00e9s rurales, les espaces naturels et agricoles.<\/span><\/p>\n<p class=\"p3\"><span class=\"s1\">Notre implication dans les projets d\u2019urbanisme s\u2019adapte aux attentes de la maitrise d\u2019ouvrage.<\/span><\/p>\n<p class=\"p3\"><span class=\"s1\">Elle concerne les phases pr\u00e9alables\u00a0: l\u2019aide \u00e0 la d\u00e9finition des orientations de d\u00e9veloppement,<span class=\"Apple-converted-space\">\u00a0 <\/span>la mise au point des outils d\u2019urbanisme, la conception du projet urbain.<\/span><\/p>\n<p class=\"p3\"><span class=\"s1\">Elle se poursuit sur les phases op\u00e9rationnelles\u00a0: la maitrise d\u2019oeuvre d\u2019espaces publics<span class=\"Apple-converted-space\">\u00a0 <\/span>et d\u2019ilots construits, l\u2019assistance \u00e0 maitrise d\u2019ouvrage urbaine &#8230;<\/span><\/p>\n<p class=\"p3\"><span class=\"s1\">Pour cel\u00e0, l\u2019agence nechtan rassemble dans ses locaux les comp\u00e9tences<span class=\"Apple-converted-space\">\u00a0 <\/span>qui interviennent sur les dimensions urbaines et architecturales des probl\u00e9matiques pos\u00e9es.<\/span><\/p>\n<p class=\"p3\"><span class=\"s1\">Les architectes de nechtan mobilisent leurs comp\u00e9tences et convoquent leurs exp\u00e9riences pour composer et dessiner les formes urbaines.<\/span><\/p>\n<p class=\"p3\"><span class=\"s1\">Les urbanistes r\u00e9fl\u00e9chissement au \u00ab\u00a0comment\u00a0\u00bb\u00a0: quelle m\u00e9thode, quel outil pour faire \u00e9merger les projets urbains.<\/span><\/p>\n<p>[\/vc_column_text][\/vc_column][vc_column width=\u00a0\u00bb1\/2&Prime;][vc_column_text css_animation=\u00a0\u00bbfadeInUp\u00a0\u00bb css=\u00a0\u00bb.vc_custom_1581952764446{margin-top: 1% !important;}\u00a0\u00bb]<\/p>\n<p class=\"p1\"><span class=\"s1\">Les architectes d\u00e9finissent aussi les espaces ext\u00e9rieurs et coordonnent leur r\u00e9alisation. <\/span><\/p>\n<p class=\"p1\"><span class=\"s1\">Mais aussi, l\u2019agence nechtan s\u2019associe librement<span class=\"Apple-converted-space\">\u00a0 <\/span>et selon les sujets \u00e0 d\u2019autres comp\u00e9tences et disciplines: paysagistes, bureaux d\u2019\u00e9tude technique ou sp\u00e9cialis\u00e9s, sociologues, graphistes&#8230; <\/span><\/p>\n<p class=\"p1\"><span class=\"s1\">A travers les r\u00e9f\u00e9rences pr\u00e9sent\u00e9es dans ce site, nous souhaitons d\u00e9montrer notre attention aux contextes.<\/span><\/p>\n<p class=\"p1\"><span class=\"s1\">Elle s\u2019\u00e9prouve dans la recherche sensible de solutions pertinentes, le souhait d\u2019intervenir sur<span class=\"Apple-converted-space\">\u00a0 <\/span>la qualit\u00e9 de l\u2019environnement de l\u2019homme.<\/span><\/p>\n<p class=\"p1\"><span class=\"s1\">Elle s\u2019oblige \u00e0 agir en coh\u00e9rence avec les enjeux de notre soci\u00e9t\u00e9 contemporaine occidentale, qui cherche de nouvelles voies. <\/span><\/p>\n<p class=\"p3\"><span class=\"s1\"><i>Retrouvez nos projets d\u2019architecture ici\u00a0:<span class=\"Apple-converted-space\">\u00a0 <\/span><\/i><a href=\"http:\/\/nechtan.fr\/index.php\/architecture\/\"><span class=\"s2\"><i>http:\/\/nechtan.fr\/index.php\/architecture\/<\/i><\/span><\/a><\/span><\/p>\n<p class=\"p5\"><span class=\"s3\">Pour nos actualit\u00e9s, rendez vous sur<\/span> :\u00a0<a href=\"https:\/\/www.facebook.com\/Nechtan-architectes-100300161422453\/\">https:\/\/www.facebook.com\/Nechtan-architectes-100300161422453\/<\/a><\/p>\n<p>[\/vc_column_text][\/vc_column][\/vc_row]<\/p>\n","protected":false},"excerpt":{"rendered":"<p>[vc_row full_width=\u00a0\u00bbstretch_row_content_no_spaces\u00a0\u00bb css=\u00a0\u00bb.vc_custom_1581951933901{background-image: url(http:\/\/nechtan.fr\/wp-content\/uploads\/2020\/02\/Accueil-Urba-copie.jpg?id=887) !important;background-position: center !important;background-repeat: no-repeat !important;background-size: cover !important;}\u00a0\u00bb][vc_column][vc_column_text css_animation=\u00a0\u00bbfadeInLeft\u00a0\u00bb css=\u00a0\u00bb.vc_custom_1575990407099{margin-top: 5% !important;margin-left: 5% !important;}\u00a0\u00bb el_id=\u00a0\u00bbh1-urba\u00a0\u00bb] Urbanisme [\/vc_column_text][vc_icon type=\u00a0\u00bbopeniconic\u00a0\u00bb icon_openiconic=\u00a0\u00bbvc-oi vc-oi-down\u00a0\u00bb color=\u00a0\u00bbblack\u00a0\u00bb size=\u00a0\u00bbxl\u00a0\u00bb align=\u00a0\u00bbright\u00a0\u00bb<span class=\"excerpt-hellip\"> [\u2026]<\/span><\/p>\n","protected":false},"author":1,"featured_media":49,"parent":0,"menu_order":3,"comment_status":"closed","ping_status":"closed","template":"","meta":{"_monsterinsights_skip_tracking":false,"_monsterinsights_sitenote_active":false,"_monsterinsights_sitenote_note":"","_monsterinsights_sitenote_category":0,"footnotes":""},"_links":{"self":[{"href":"https:\/\/nechtan.fr\/index.php\/wp-json\/wp\/v2\/pages\/25"}],"collection":[{"href":"https:\/\/nechtan.fr\/index.php\/wp-json\/wp\/v2\/pages"}],"about":[{"href":"https:\/\/nechtan.fr\/index.php\/wp-json\/wp\/v2\/types\/page"}],"author":[{"embeddable":true,"href":"https:\/\/nechtan.fr\/index.php\/wp-json\/wp\/v2\/users\/1"}],"replies":[{"embeddable":true,"href":"https:\/\/nechtan.fr\/index.php\/wp-json\/wp\/v2\/comments?post=25"}],"version-history":[{"count":37,"href":"https:\/\/nechtan.fr\/index.php\/wp-json\/wp\/v2\/pages\/25\/revisions"}],"predecessor-version":[{"id":1258,"href":"https:\/\/nechtan.fr\/index.php\/wp-json\/wp\/v2\/pages\/25\/revisions\/1258"}],"wp:featuredmedia":[{"embeddable":true,"href":"https:\/\/nechtan.fr\/index.php\/wp-json\/wp\/v2\/media\/49"}],"wp:attachment":[{"href":"https:\/\/nechtan.fr\/index.php\/wp-json\/wp\/v2\/media?parent=25"}],"curies":[{"name":"wp","href":"https:\/\/api.w.org\/{rel}","templated":true}]}}