{"id":20,"date":"2019-11-07T16:03:09","date_gmt":"2019-11-07T15:03:09","guid":{"rendered":"http:\/\/nechtan.fr\/?page_id=20"},"modified":"2020-11-03T17:34:14","modified_gmt":"2020-11-03T16:34:14","slug":"architecture","status":"publish","type":"page","link":"https:\/\/nechtan.fr\/index.php\/architecture\/","title":{"rendered":"Architecture"},"content":{"rendered":"<p>[vc_row full_width=\u00a0\u00bbstretch_row_content_no_spaces\u00a0\u00bb css=\u00a0\u00bb.vc_custom_1581951785159{background-image: url(http:\/\/nechtan.fr\/wp-content\/uploads\/2020\/02\/Accueil-Archi.jpg?id=885) !important;background-position: center !important;background-repeat: no-repeat !important;background-size: cover !important;}\u00a0\u00bb][vc_column][vc_column_text css_animation=\u00a0\u00bbfadeInLeft\u00a0\u00bb css=\u00a0\u00bb.vc_custom_1602597876274{margin-top: 5% !important;margin-left: 5% !important;}\u00a0\u00bb el_id=\u00a0\u00bbh1-orange-archi\u00a0\u00bb]<\/p>\n<h1>Architecture<\/h1>\n<p>[\/vc_column_text][vc_icon type=\u00a0\u00bbopeniconic\u00a0\u00bb icon_openiconic=\u00a0\u00bbvc-oi vc-oi-down\u00a0\u00bb color=\u00a0\u00bbwhite\u00a0\u00bb size=\u00a0\u00bbxl\u00a0\u00bb align=\u00a0\u00bbright\u00a0\u00bb css_animation=\u00a0\u00bbfadeInRight\u00a0\u00bb link=\u00a0\u00bburl:%23section-scroll|||\u00a0\u00bb css=\u00a0\u00bb.vc_custom_1581681613724{margin-top: 17% !important;margin-right: 5% !important;}\u00a0\u00bb][\/vc_column][\/vc_row][vc_row el_id=\u00a0\u00bbsection-scroll\u00a0\u00bb css=\u00a0\u00bb.vc_custom_1575991252195{margin-top: 5% !important;}\u00a0\u00bb][vc_column][vc_column_text css_animation=\u00a0\u00bbfadeInLeft\u00a0\u00bb css=\u00a0\u00bb.vc_custom_1604417603646{margin-top: 5% !important;margin-bottom: 5% !important;}\u00a0\u00bb]<\/p>\n<h2><strong>Projets d&rsquo;architecture :<\/strong><\/h2>\n<p>[\/vc_column_text][\/vc_column][\/vc_row][vc_row][vc_column][vc_masonry_grid post_type=\u00a0\u00bbpost\u00a0\u00bb max_items=\u00a0\u00bb6&Prime; orderby=\u00a0\u00bbtitle\u00a0\u00bb item=\u00a0\u00bbbasicGrid_NoAnimation\u00a0\u00bb grid_id=\u00a0\u00bbvc_gid:1604418595170-b81c4a6689c6d70e99c5e66f1a40e890-3&Prime; exclude=\u00a0\u00bb244, 231, 173, 156, 143, 118, 132, 1039, 219, 1211&Prime; css=\u00a0\u00bb.vc_custom_1604419088205{margin-top: 5% !important;}\u00a0\u00bb][vc_column_text css_animation=\u00a0\u00bbfadeIn\u00a0\u00bb]<\/p>\n<p style=\"text-align: center;\"><em>D&rsquo;autres projets \u00e0 venir&#8230;<\/em><\/p>\n<p>[\/vc_column_text][\/vc_column][\/vc_row][vc_row el_id=\u00a0\u00bbjustify\u00a0\u00bb][vc_column width=\u00a0\u00bb1\/2&Prime;][vc_column_text css_animation=\u00a0\u00bbfadeInUp\u00a0\u00bb el_id=\u00a0\u00bbjustify\u00a0\u00bb]<\/p>\n<h2 class=\"p1\"><span class=\"s1\"><b>Etudes et<span class=\"Apple-converted-space\">\u00a0 <\/span>projets d\u2019architecture \u2026<\/b><\/span><\/h2>\n<p class=\"p3\"><span class=\"s1\">Les projets d\u2019architecture que nous concevons sont en eux m\u00eame des \u00e9difices.<\/span><\/p>\n<p class=\"p3\"><span class=\"s1\">Ils se fondent sur un socle qui est le programme et les besoins exprim\u00e9s par les utilisateurs.<\/span><\/p>\n<p class=\"p3\"><span class=\"s1\">Ils s\u2019\u00e9l\u00e8vent au fur et \u00e0 mesure des r\u00e9unions de travail avec les clients, usagers, techniciens.<\/span><\/p>\n<p class=\"p3\"><span class=\"s1\">Ils se d\u00e9ploient dans le temps et l\u2019espace.<\/span><\/p>\n<p class=\"p3\"><span class=\"s1\">Leur d\u00e9veloppement est conduit autour d\u2019une id\u00e9e directrice qui est leur structure interne.<\/span><\/p>\n<p class=\"p3\"><span class=\"s1\">Ils se mat\u00e9rialisent progressivement dans leur forme g\u00e9n\u00e9rale et leur d\u00e9tail.<\/span><\/p>\n<p class=\"p3\"><span class=\"s1\">Pour cela, nous aimons penser les lieux habit\u00e9s comme des organismes vivants.<\/span><\/p>\n<p class=\"p3\"><span class=\"s1\">Pour un lieu habit\u00e9, les usages et les relations d\u00e9terminent l\u2019organisation des espaces.<\/span><\/p>\n<p class=\"p3\"><span class=\"s1\">Les volum\u00e9tries et les ambiances int\u00e9rieures sont con\u00e7ues en fonction du caract\u00e8re attendu: enveloppantes, rassurantes ou stimulantes.<\/span><\/p>\n<p class=\"p3\"><span class=\"s1\">Les fa\u00e7ades sont des filtres qui enveloppent, ouvrent et referment tour \u00e0 tour les espaces b\u00e2tis sur l\u2019ext\u00e9rieur, rue ou jardin. <\/span><\/p>\n<p>[\/vc_column_text][\/vc_column][vc_column width=\u00a0\u00bb1\/2&Prime;][vc_column_text css_animation=\u00a0\u00bbfadeInUp\u00a0\u00bb css=\u00a0\u00bb.vc_custom_1583847376157{margin-top: 1% !important;margin-left: 5% !important;}\u00a0\u00bb]<\/p>\n<p class=\"p1\"><span class=\"s1\">Nous apportons au nouveau projet l\u2019exp\u00e9rience des r\u00e9alisations ant\u00e9rieures et la recherche d\u2019une r\u00e9ponse originale. <\/span><\/p>\n<p class=\"p1\"><span class=\"s1\">Nous b\u00e2tissons une relation de confiance avec le client, nous prenons le temps d\u2019\u00e9tablir l\u2019\u00e9quation besoins \u2013 contraintes \u2013 solution architecturale.<\/span><\/p>\n<p class=\"p1\"><span class=\"s1\">Nous explorons les hypoth\u00e8ses, nous les poussons et nous les \u00e9valuons, nous avan\u00e7ons pas \u00e0 pas.<\/span><\/p>\n<p class=\"p1\"><span class=\"s1\">Nous sommes attentifs aux crit\u00e8res qui pour les clients d\u00e9terminent la r\u00e9ussite du projet architectural\u00a0: sa fonctionnalit\u00e9, son amabilit\u00e9, le respect du budget et des engagements de d\u00e9lais, sa durabilit\u00e9.<\/span><\/p>\n<p class=\"p1\"><span class=\"s1\">Nous travaillons en bonne intelligence avec nos cotraitants associ\u00e9s ing\u00e9nieurs, paysagistes, sociologues.<\/span><\/p>\n<p class=\"p1\"><span class=\"s1\">Nous portons le projet avec l\u2019aide du savoir-faire des entreprises jusqu\u2019\u00e0 la r\u00e9ception du b\u00e2timent et son parfait ach\u00e8vement \u2026<\/span><\/p>\n<p class=\"p1\"><span class=\"s1\">Retrouvez nos projets d\u2019urbanisme ici\u00a0:<span class=\"Apple-converted-space\">\u00a0 <\/span><a href=\"http:\/\/nechtan.fr\/index.php\/urbanisme\/\"><span class=\"s2\">http:\/\/nechtan.fr\/index.php\/urbanisme\/<\/span><\/a><\/span><\/p>\n<p class=\"p3\"><span class=\"s3\">Pour nos actualit\u00e9s, rendez vous sur<\/span> :\u00a0<a href=\"https:\/\/www.facebook.com\/Nechtan-architectes-100300161422453\/\">https:\/\/www.facebook.com\/Nechtan-architectes-100300161422453\/<\/a><\/p>\n<p>[\/vc_column_text][\/vc_column][\/vc_row]<\/p>\n","protected":false},"excerpt":{"rendered":"<p>[vc_row full_width=\u00a0\u00bbstretch_row_content_no_spaces\u00a0\u00bb css=\u00a0\u00bb.vc_custom_1581951785159{background-image: url(http:\/\/nechtan.fr\/wp-content\/uploads\/2020\/02\/Accueil-Archi.jpg?id=885) !important;background-position: center !important;background-repeat: no-repeat !important;background-size: cover !important;}\u00a0\u00bb][vc_column][vc_column_text css_animation=\u00a0\u00bbfadeInLeft\u00a0\u00bb css=\u00a0\u00bb.vc_custom_1602597876274{margin-top: 5% !important;margin-left: 5% !important;}\u00a0\u00bb el_id=\u00a0\u00bbh1-orange-archi\u00a0\u00bb] Architecture [\/vc_column_text][vc_icon type=\u00a0\u00bbopeniconic\u00a0\u00bb icon_openiconic=\u00a0\u00bbvc-oi vc-oi-down\u00a0\u00bb color=\u00a0\u00bbwhite\u00a0\u00bb size=\u00a0\u00bbxl\u00a0\u00bb align=\u00a0\u00bbright\u00a0\u00bb<span class=\"excerpt-hellip\"> [\u2026]<\/span><\/p>\n","protected":false},"author":1,"featured_media":38,"parent":0,"menu_order":2,"comment_status":"closed","ping_status":"closed","template":"","meta":{"_monsterinsights_skip_tracking":false,"_monsterinsights_sitenote_active":false,"_monsterinsights_sitenote_note":"","_monsterinsights_sitenote_category":0,"footnotes":""},"_links":{"self":[{"href":"https:\/\/nechtan.fr\/index.php\/wp-json\/wp\/v2\/pages\/20"}],"collection":[{"href":"https:\/\/nechtan.fr\/index.php\/wp-json\/wp\/v2\/pages"}],"about":[{"href":"https:\/\/nechtan.fr\/index.php\/wp-json\/wp\/v2\/types\/page"}],"author":[{"embeddable":true,"href":"https:\/\/nechtan.fr\/index.php\/wp-json\/wp\/v2\/users\/1"}],"replies":[{"embeddable":true,"href":"https:\/\/nechtan.fr\/index.php\/wp-json\/wp\/v2\/comments?post=20"}],"version-history":[{"count":45,"href":"https:\/\/nechtan.fr\/index.php\/wp-json\/wp\/v2\/pages\/20\/revisions"}],"predecessor-version":[{"id":1271,"href":"https:\/\/nechtan.fr\/index.php\/wp-json\/wp\/v2\/pages\/20\/revisions\/1271"}],"wp:featuredmedia":[{"embeddable":true,"href":"https:\/\/nechtan.fr\/index.php\/wp-json\/wp\/v2\/media\/38"}],"wp:attachment":[{"href":"https:\/\/nechtan.fr\/index.php\/wp-json\/wp\/v2\/media?parent=20"}],"curies":[{"name":"wp","href":"https:\/\/api.w.org\/{rel}","templated":true}]}}