{"id":2,"date":"2019-11-05T17:26:16","date_gmt":"2019-11-05T16:26:16","guid":{"rendered":"http:\/\/nechtan.fr\/?page_id=2"},"modified":"2024-03-14T16:31:24","modified_gmt":"2024-03-14T15:31:24","slug":"nechtan","status":"publish","type":"page","link":"https:\/\/nechtan.fr\/","title":{"rendered":"Accueil"},"content":{"rendered":"<p>[vc_row full_width=\u00a0\u00bbstretch_row_content_no_spaces\u00a0\u00bb css=\u00a0\u00bb.vc_custom_1582113827182{background-image: url(http:\/\/nechtan.fr\/wp-content\/uploads\/2020\/02\/video-accueil-FINAL-optimise\u0301.gif?id=1064) !important;background-position: center !important;background-repeat: no-repeat !important;background-size: cover !important;}\u00a0\u00bb][vc_column][vc_column_text css_animation=\u00a0\u00bbfadeInLeft\u00a0\u00bb css=\u00a0\u00bb.vc_custom_1575989832540{margin-top: 5% !important;margin-left: 5% !important;}\u00a0\u00bb el_id=\u00a0\u00bbh1-accueil\u00a0\u00bb]<\/p>\n<h1>Nechtan, agence d\u2019architecture et d&rsquo;urbanisme<\/h1>\n<p>[\/vc_column_text][vc_icon type=\u00a0\u00bbopeniconic\u00a0\u00bb icon_openiconic=\u00a0\u00bbvc-oi vc-oi-down\u00a0\u00bb color=\u00a0\u00bbblack\u00a0\u00bb size=\u00a0\u00bbxl\u00a0\u00bb align=\u00a0\u00bbright\u00a0\u00bb css_animation=\u00a0\u00bbfadeInRight\u00a0\u00bb link=\u00a0\u00bburl:%23section-scroll|||\u00a0\u00bb css=\u00a0\u00bb.vc_custom_1581681564786{margin-top: 17% !important;margin-right: 5% !important;}\u00a0\u00bb el_id=\u00a0\u00bbfleche\u00a0\u00bb][\/vc_column][\/vc_row][vc_row full_width=\u00a0\u00bbstretch_row_content_no_spaces\u00a0\u00bb css=\u00a0\u00bb.vc_custom_1575987321309{padding-right: 10% !important;padding-left: 10% !important;}\u00a0\u00bb el_id=\u00a0\u00bbsection-scroll\u00a0\u00bb][vc_column][vc_column_text css_animation=\u00a0\u00bbfadeInLeft\u00a0\u00bb css=\u00a0\u00bb.vc_custom_1582024418966{margin-top: 5% !important;margin-bottom: 5% !important;}\u00a0\u00bb]<\/p>\n<h2><strong>Nos projets :<\/strong><\/h2>\n<p>[\/vc_column_text][vc_masonry_grid post_type=\u00a0\u00bbpost\u00a0\u00bb max_items=\u00a0\u00bb16&Prime; show_filter=\u00a0\u00bbyes\u00a0\u00bb element_width=\u00a0\u00bb3&Prime; item=\u00a0\u00bbbasicGrid_NoAnimation\u00a0\u00bb grid_id=\u00a0\u00bbvc_gid:1603125551130-d52aca125d2e2f81edad33444c7c9520-10&Prime; filter_source=\u00a0\u00bbcategory\u00a0\u00bb][vc_column_text]<\/p>\n<p style=\"text-align: center;\"><em>D&rsquo;autres projets Nechtan <\/em><em>\u00e0 venir &#8230;<\/em><\/p>\n<p>[\/vc_column_text][\/vc_column][\/vc_row][vc_row css=\u00a0\u00bb.vc_custom_1582289386861{background-position: center !important;background-repeat: no-repeat !important;background-size: cover !important;}\u00a0\u00bb el_id=\u00a0\u00bbjustify\u00a0\u00bb][vc_column width=\u00a0\u00bb1\/2&Prime;][vc_column_text css_animation=\u00a0\u00bbfadeInLeft\u00a0\u00bb el_id=\u00a0\u00bbsection2&Prime;]<\/p>\n<h2 class=\"p1\"><strong><span class=\"s1\">Nechtan, architecture et urbanisme<\/span><\/strong><\/h2>\n<p class=\"p3\"><span class=\"s1\"><b>Notre histoire<\/b><\/span><\/p>\n<p><span style=\"font-family: Century Gothic, sans-serif;\"><span style=\"font-size: small;\"><span lang=\"fr-FR\">Nechtan est une agence d\u2019architecture de la m\u00e9tropole bordelaise, install\u00e9e \u00e0 M\u00e9rignac, facile d\u2019acc\u00e8s- proche d\u2019un arr\u00eat de tramway, du centre de Bordeaux , de son a\u00e9roport.<\/span><\/span><\/span><\/p>\n<p><span style=\"font-family: Century Gothic, sans-serif;\"><span style=\"font-size: small;\"><span lang=\"fr-FR\">L\u2019agence regroupe quatre architectes exer\u00e7ant en soci\u00e9t\u00e9 et de fa\u00e7on lib\u00e9rale, et leurs collaborateurs- trices.<\/span><\/span><\/span><\/p>\n<p><span style=\"font-family: Century Gothic, sans-serif;\"><span style=\"font-size: small;\"><span lang=\"fr-FR\">Faisant suite \u00e0 l\u2019agence Emergence cr\u00e9\u00e9e \u00e0 Bordeaux en 1987 et dissoute en 2001, l\u2019association d\u2019architectes se transforme et se renomme \u00abnechtan\u00bb (<\/span><\/span><span style=\"font-size: small;\"><span lang=\"fr-FR\"><i>dieu celte, gardien du puits de l\u2019inspiration<\/i><\/span><\/span><span style=\"font-size: small;\"><span lang=\"fr-FR\">)\u00a0: elle confirme alors sa sp\u00e9cialit\u00e9 dans la conception des b\u00e2timents publics, et ajoute une nouvelle comp\u00e9tence dans le domaine des \u00e9tudes urbaines.<\/span><\/span><\/span><\/p>\n<p><span style=\"font-family: Century Gothic, sans-serif;\"><span style=\"font-size: small;\"><span lang=\"fr-FR\">Au fil des ann\u00e9es, les exp\u00e9riences et les projets se multiplient\u00a0: <\/span><\/span><span style=\"font-size: small;\"><span lang=\"fr-FR\">maitrises d\u2019\u0153uvres de projets publics et priv\u00e9s, missions de conseil, missions d\u2019\u00e9tudes de programmation urbaine et architecturale, animation d\u2019ateliers de concertation publique \u2026<\/span><\/span><\/span><\/p>\n<p><span style=\"font-family: Century Gothic, sans-serif;\"><span style=\"font-size: small;\"><span lang=\"fr-FR\">Des \u00e9tudes urbaines \u2026 A partir de 2005, l\u2019agence s\u2019int\u00e9resse aux espaces publics, dessine des places, des rues, des quartiers (par exemple\u00a0: Bastide de Monflanquin, bourg du Mas d\u2019Agenais, travers\u00e9e de Barsac, centre bourg de Moulon, ). Elle constitue des \u00e9quipes pluridisciplinaires pour planifier des op\u00e9rations de renouvellement urbain ( 8 Mai 1945 \u00e0 Cenon, Quartier Pr\u00e9vert \u00e0 Bassens). Elle coordonne des am\u00e9nagements de quartier ( ZAC du pont rouge \u00e0 Cenon). Depuis 2014, elle m\u00e8ne des \u00e9tudes de programmation urbaine dans le domaine de l\u2019am\u00e9nagement territorial (conventions d\u2019am\u00e9nagement de bourg, espaces publics de la\u00a0m\u00e9tropole).<\/span><\/span><\/span><\/p>\n<p><span style=\"font-family: Century Gothic, sans-serif;\"><span style=\"font-size: small;\"><span lang=\"fr-FR\">Des projets d\u2019architecture pour les associations du secteur m\u00e9dico-social \u2026 l\u2019agence se sp\u00e9cialise dans ce domaine tr\u00e8s diversifi\u00e9, et aux attentes sp\u00e9cifiques\u00a0: Foyer d\u2019aide m\u00e9dicalis\u00e9, Etablissement d\u2019aide par le travail, foyers d\u2019h\u00e9bergement et accueil de jour, Institut m\u00e9dico \u00e9ducatifs, pour plusieurs associations nationales et locales.<\/span><\/span><\/span><\/p>\n<p><span style=\"font-family: Century Gothic, sans-serif;\"><span style=\"font-size: small;\"><span lang=\"fr-FR\">Des projets d\u2019habitations\u00a0: construction, r\u00e9novation ou extension de maisons individuelles, construction ou am\u00e9lioration thermique de logements sociaux collectifs ou individuels, habitat en milieu rural\u2026<\/span><\/span><\/span><\/p>\n<p>[\/vc_column_text][\/vc_column][vc_column width=\u00a0\u00bb1\/2&Prime;][vc_column_text css_animation=\u00a0\u00bbfadeInRight\u00a0\u00bb]<\/p>\n<h2 class=\"p1\"><strong><span class=\"s1\">Nos valeurs<\/span><\/strong><\/h2>\n<p class=\"p1\"><span class=\"s1\">Ouverte aux collaborations avec des partenaires confr\u00e8res ou des bureaux d\u2019\u00e9tude sp\u00e9cialis\u00e9s, l\u2019agence aborde toutes les phases du projet architectural ou urbain.<\/span><\/p>\n<p class=\"p1\"><span class=\"s1\">Lors de la d\u00e9finition programmatique du projet, nechtan intervient en amont pour collecter les attentes et besoins de la maitrise d\u2019ouvrage, pour\u00a0analyser le contexte et d\u00e9finir les invariants du projet.<\/span><\/p>\n<p class=\"p1\"><span class=\"s1\">A la demande et selon les sujets, nous pouvons animer des ateliers de concertation, impliquant et associant les futurs usagers lors des prises de d\u00e9cision.\u00a0<\/span><\/p>\n<p class=\"p1\"><span class=\"s1\">Lors de la conception du projet, nous cherchons les solutions qui r\u00e9pondent aux attentes et aux capacit\u00e9s d&rsquo;un client. Mais nous souhaitons aussi associer le client \u00e0 la recherche de pertinence dans le contexte temporel, soci\u00e9tal et environnemental.<\/span><\/p>\n<p class=\"p1\"><span class=\"s1\">Pendant le d\u00e9veloppement du projet, il s\u2019agit de rester fid\u00e8le aux engagements initiaux, en pr\u00e9cisant les conditions techniques et \u00e9conomiques, en s\u2019assurant de la durabilit\u00e9 des modes constructifs et des options prises.<\/span><\/p>\n<p class=\"p1\"><span class=\"s1\">Lors de la r\u00e9alisation, la continuit\u00e9 de l\u2019effort se poursuit, avec une pr\u00e9sence constante des architectes sur le chantier pour garantir in-fine la qualit\u00e9 d\u2019ex\u00e9cution des ouvrages.<\/span><\/p>\n<p class=\"p1\"><span class=\"s1\"><b>Le site nechtan<\/b><\/span><\/p>\n<p class=\"p1\"><span class=\"s1\">Le site web de nechtan se pr\u00e9sente sous trois grandes rubriques ( architecture, urbanisme et des outils et des hommes) et vous propose une s\u00e9lection de projets, r\u00e9cemment con\u00e7us et d\u00e9velopp\u00e9s.<\/span><\/p>\n<p class=\"p1\"><span class=\"s1\"><i> Christophe Libault, Marie-Claire Bouvier, Michel Ulrich et Medhat Mabsout.<\/i><\/span><\/p>\n<p>[\/vc_column_text][\/vc_column][\/vc_row][vc_row full_width=\u00a0\u00bbstretch_row_content_no_spaces\u00a0\u00bb][vc_column width=\u00a0\u00bb1\/3&Prime;][\/vc_column][vc_column width=\u00a0\u00bb1\/3&Prime;][vc_column_text css_animation=\u00a0\u00bbfadeInUp\u00a0\u00bb]<\/p>\n<h3 style=\"text-align: center;\"><strong>Retrouvez ci-dessous la liste de nos partenaires :<\/strong><\/h3>\n<p>&nbsp;<\/p>\n<p style=\"text-align: center;\"><strong>Architecture<\/strong>\u00a0<a href=\"http:\/\/nechtan.fr\/index.php\/architecture\/\">http:\/\/nechtan.fr\/index.php\/architecture\/<\/a><\/p>\n<p style=\"text-align: center;\">-Adapei:\u00a0<a href=\"http:\/\/www.adapei33.com\/\">http:\/\/www.adapei33.com\/<\/a><\/p>\n<p style=\"text-align: center;\">-Association edea:\u00a0<a href=\"https:\/\/edea-asso.fr\/\">https:\/\/edea-asso.fr\/<\/a><\/p>\n<p style=\"text-align: center;\"><strong>Urbanisme\u00a0<\/strong><a href=\"http:\/\/nechtan.fr\/index.php\/urbanisme\/\">http:\/\/nechtan.fr\/index.php\/urbanisme\/<\/a><\/p>\n<p style=\"text-align: center;\">-Bordeaux M\u00e9tropole:\u00a0 <a href=\"https:\/\/www.bordeaux-metropole.fr\/\">https:\/\/www.bordeaux-metropole.fr\/<\/a><\/p>\n<p style=\"text-align: center;\">-Ook Paysagistes: <a href=\"http:\/\/www.ook-paysagistes.com\/\">http:\/\/www.ook-paysagistes.com\/<\/a><\/p>\n<div style=\"text-align: center;\">&#8211; Kaplan paysagiste: <a href=\"http:\/\/www.kaplan-projets.com\/\" target=\"_blank\" rel=\"noopener noreferrer\" data-saferedirecturl=\"https:\/\/www.google.com\/url?q=http:\/\/www.kaplan-projets.com&amp;source=gmail&amp;ust=1583929751838000&amp;usg=AFQjCNHZfNV2C67x8qhrcHIWqQYMe6O8_w\">http:\/\/www.kaplan-<wbr \/>projets.co<\/a><a href=\"http:\/\/www.kaplan-projets.com\/\" target=\"_blank\" rel=\"noopener noreferrer\" data-saferedirecturl=\"https:\/\/www.google.com\/url?q=http:\/\/www.kaplan-projets.com&amp;source=gmail&amp;ust=1583929751838000&amp;usg=AFQjCNHZfNV2C67x8qhrcHIWqQYMe6O8_w\">m<\/a><\/div>\n<p style=\"text-align: center;\"><strong>Des Outils et des Hommes\u00a0<\/strong><a href=\"http:\/\/nechtan.fr\/index.php\/des-outils-et-des-hommes\/\">http:\/\/nechtan.fr\/index.php\/des-outils-et-des-hommes\/<\/a><\/p>\n<p style=\"text-align: center;\">-Traitclair: <a href=\"https:\/\/traitclair.fr\/\">https:\/\/traitclair.fr\/<\/a><\/p>\n<div style=\"text-align: center;\">&#8211; association\u00a0APAJH: <a href=\"https:\/\/www.apajh33.fr\/\" target=\"_blank\" rel=\"noopener noreferrer\" data-saferedirecturl=\"https:\/\/www.google.com\/url?q=https:\/\/www.apajh33.fr&amp;source=gmail&amp;ust=1583929751838000&amp;usg=AFQjCNHm2JVrhQisSeBO1IiS8KBwbsxlsg\">https:\/\/<wbr \/>www.apajh33.fr<\/a><\/div>\n<div><\/div>\n<p>[\/vc_column_text][\/vc_column][vc_column width=\u00a0\u00bb1\/3&Prime;][\/vc_column][\/vc_row]<\/p>\n","protected":false},"excerpt":{"rendered":"<p>[vc_row full_width=\u00a0\u00bbstretch_row_content_no_spaces\u00a0\u00bb css=\u00a0\u00bb.vc_custom_1582113827182{background-image: url(http:\/\/nechtan.fr\/wp-content\/uploads\/2020\/02\/video-accueil-FINAL-optimise\u0301.gif?id=1064) !important;background-position: center !important;background-repeat: no-repeat !important;background-size: cover !important;}\u00a0\u00bb][vc_column][vc_column_text css_animation=\u00a0\u00bbfadeInLeft\u00a0\u00bb css=\u00a0\u00bb.vc_custom_1575989832540{margin-top: 5% !important;margin-left: 5% !important;}\u00a0\u00bb el_id=\u00a0\u00bbh1-accueil\u00a0\u00bb] Nechtan, agence d\u2019architecture et d&rsquo;urbanisme [\/vc_column_text][vc_icon type=\u00a0\u00bbopeniconic\u00a0\u00bb icon_openiconic=\u00a0\u00bbvc-oi<span class=\"excerpt-hellip\"> [\u2026]<\/span><\/p>\n","protected":false},"author":1,"featured_media":0,"parent":0,"menu_order":1,"comment_status":"closed","ping_status":"closed","template":"","meta":{"_monsterinsights_skip_tracking":false,"_monsterinsights_sitenote_active":false,"_monsterinsights_sitenote_note":"","_monsterinsights_sitenote_category":0,"footnotes":""},"_links":{"self":[{"href":"https:\/\/nechtan.fr\/index.php\/wp-json\/wp\/v2\/pages\/2"}],"collection":[{"href":"https:\/\/nechtan.fr\/index.php\/wp-json\/wp\/v2\/pages"}],"about":[{"href":"https:\/\/nechtan.fr\/index.php\/wp-json\/wp\/v2\/types\/page"}],"author":[{"embeddable":true,"href":"https:\/\/nechtan.fr\/index.php\/wp-json\/wp\/v2\/users\/1"}],"replies":[{"embeddable":true,"href":"https:\/\/nechtan.fr\/index.php\/wp-json\/wp\/v2\/comments?post=2"}],"version-history":[{"count":104,"href":"https:\/\/nechtan.fr\/index.php\/wp-json\/wp\/v2\/pages\/2\/revisions"}],"predecessor-version":[{"id":1336,"href":"https:\/\/nechtan.fr\/index.php\/wp-json\/wp\/v2\/pages\/2\/revisions\/1336"}],"wp:attachment":[{"href":"https:\/\/nechtan.fr\/index.php\/wp-json\/wp\/v2\/media?parent=2"}],"curies":[{"name":"wp","href":"https:\/\/api.w.org\/{rel}","templated":true}]}}